{"id":2,"date":"2016-05-10T03:48:21","date_gmt":"2016-05-10T03:48:21","guid":{"rendered":"http:\/\/jazzgeschichte.de\/?page_id=2"},"modified":"2021-02-03T20:47:25","modified_gmt":"2021-02-03T19:47:25","slug":"sample-page","status":"publish","type":"page","link":"https:\/\/blog.jazzgeschichte.de\/","title":{"rendered":"Jazz-Geschichte"},"content":{"rendered":"<p>Hier werde ich m\u00f6glichst regelm\u00e4\u00dfig, sicher eher unregelm\u00e4\u00dfig bis m\u00e4\u00dfig, wie es meine Zeit erlaubt, \u00fcber Jazz schreiben. Jazz-Geschichte ist ein Arbeitstitel. Ich werde \u00fcber die Entstehung, die Wurzeln, die Stil-\/Epochen des Jazz und seiner Protagonisten, \u00fcber einzelne herausragende, Stil-bildende Musiker*Innen schreiben, aber auch das kollektive Geschehen, die geschichtlichen Rahmenbedingungen usw. berichten.<\/p>\n<p>Zun\u00e4chst werde ich mich auf gesammeltes Text-\/Bild-Material und Web-Content beschr\u00e4nken. Dabei werden neben aktuellen auch \u00e4ltere Quellen genutzt\/zitiert\/kopiert, die heute so teilweise nicht mehr existieren.<\/p>\n<p>Das wirklich Musik-Theoretische ist nicht so ganz meine Profession, deshalb werde ich dazu auch weniger zu sagen haben. Das m\u00fcssen andere \u00fcbernehmen.<\/p>\n","protected":false},"excerpt":{"rendered":"<p>Hier werde ich m\u00f6glichst regelm\u00e4\u00dfig, sicher eher unregelm\u00e4\u00dfig bis m\u00e4\u00dfig, wie es meine Zeit erlaubt, \u00fcber Jazz schreiben. Jazz-Geschichte ist ein Arbeitstitel. Ich werde \u00fcber die Entstehung, die Wurzeln, die Stil-\/Epochen des Jazz und seiner Protagonisten, \u00fcber einzelne herausragende, Stil-bildende Musiker*Innen schreiben, aber auch das kollektive Geschehen, die geschichtlichen Rahmenbedingungen usw. berichten. Zun\u00e4chst werde ich&hellip; <a class=\"more-link\" href=\"https:\/\/blog.jazzgeschichte.de\/\"><span class=\"screen-reader-text\">Jazz-Geschichte<\/span> weiterlesen<\/a><\/p>\n","protected":false},"author":1,"featured_media":0,"parent":0,"menu_order":0,"comment_status":"closed","ping_status":"open","template":"","meta":{"footnotes":""},"class_list":["post-2","page","type-page","status-publish","hentry","entry"],"aioseo_notices":[],"_links":{"self":[{"href":"https:\/\/blog.jazzgeschichte.de\/index.php?rest_route=\/wp\/v2\/pages\/2"}],"collection":[{"href":"https:\/\/blog.jazzgeschichte.de\/index.php?rest_route=\/wp\/v2\/pages"}],"about":[{"href":"https:\/\/blog.jazzgeschichte.de\/index.php?rest_route=\/wp\/v2\/types\/page"}],"author":[{"embeddable":true,"href":"https:\/\/blog.jazzgeschichte.de\/index.php?rest_route=\/wp\/v2\/users\/1"}],"replies":[{"embeddable":true,"href":"https:\/\/blog.jazzgeschichte.de\/index.php?rest_route=%2Fwp%2Fv2%2Fcomments&post=2"}],"version-history":[{"count":5,"href":"https:\/\/blog.jazzgeschichte.de\/index.php?rest_route=\/wp\/v2\/pages\/2\/revisions"}],"predecessor-version":[{"id":112,"href":"https:\/\/blog.jazzgeschichte.de\/index.php?rest_route=\/wp\/v2\/pages\/2\/revisions\/112"}],"wp:attachment":[{"href":"https:\/\/blog.jazzgeschichte.de\/index.php?rest_route=%2Fwp%2Fv2%2Fmedia&parent=2"}],"curies":[{"name":"wp","href":"https:\/\/api.w.org\/{rel}","templated":true}]}}